{"id":27564,"date":"2025-06-10T20:36:21","date_gmt":"2025-06-10T23:36:21","guid":{"rendered":"https:\/\/danielacestas.com.br\/?post_type=product&#038;p=27564"},"modified":"2025-06-13T11:08:02","modified_gmt":"2025-06-13T14:08:02","slug":"cafe-da-manha-encanto-namorados","status":"publish","type":"product","link":"https:\/\/danielacestas.com.br\/?product=cafe-da-manha-encanto-namorados","title":{"rendered":"Caf\u00e9 da Manh\u00e3 Encanto Namorados"},"content":{"rendered":"<h6>Croaissant amanteigado;<\/h6>\n<h6>P\u00e3ozinho de calabresa;<\/h6>\n<h6>Torradas fin\u00edssimas;<\/h6>\n<h6>P\u00e3o tipo Brioche;<\/h6>\n<h6>Queijo (1 tipo)<\/h6>\n<h6>Charcutaria (1 tipo)<\/h6>\n<h6>Gel\u00e9ia importada;<\/h6>\n<h6>Doce de leite;<\/h6>\n<h6>Frutas da esta\u00e7\u00e3o (in natura ou peda\u00e7os);<\/h6>\n<h6>Capuccino ou Chocolate cremoso (conforme disponibilidade);<\/h6>\n<h6>Suco Villa Piva 300ml;<\/h6>\n<h6>Manteiga Presidente;<\/h6>\n<h6>Castanhas;<\/h6>\n<h6>Pudim;<\/h6>\n<h6>Biscoitos diversos.<\/h6>\n<h6><\/h6>\n<h6>Montadas em linda Caixa Pinus com Tampa em Acr\u00edlico, decorada com la\u00e7o de cetim.<\/h6>\n<h6>Acompanha cart\u00e3o e Tag Te Amo.<\/h6>\n","protected":false},"excerpt":{"rendered":"<p>Croaissant amanteigado; P\u00e3ozinho de calabresa; Torradas fin\u00edssimas; P\u00e3o tipo Brioche; Queijo (1 tipo) Charcutaria (1 tipo) Gel\u00e9ia importada; Doce de<\/p>\n","protected":false},"featured_media":27565,"comment_status":"open","ping_status":"closed","template":"","meta":[],"product_brand":[],"product_cat":[112,116,117,118],"product_tag":[],"class_list":{"0":"post-27564","1":"product","2":"type-product","3":"status-publish","4":"has-post-thumbnail","6":"product_cat-cestas","7":"product_cat-cestas-de-bebidas-e-petiscos","8":"product_cat-cestas-de-cafe-da-manha","9":"product_cat-cestas-de-chocolate-e-romantica","10":"wcpa_has_options","12":"first","13":"instock","14":"shipping-taxable","15":"purchasable","16":"product-type-simple"},"wcpa_form_fields":{"wcpaData":{"product":{"product_price":199,"original_product_price":199,"price_including_tax":199.9,"price_excluding_tax":199.9,"product_id":{"parent":27564,"variation":false},"is_variable":false,"stock_status":"instock","stock_quantity":null,"parent_sku":"","product_attributes":[],"custom_fields":[],"is_taxable":false},"fields":{"sec_364bafe8e7a556":{"extra":{"key":"sec_364bafe8e7a556","section_id":"sec_364bafe8e7a556","name":"Default","status":1,"cl_rule":"show","enableCl":false,"relations":[],"toggle":true,"title_tag":"h3","show_title":false,"showPrice":"default","form_id":4243,"form_rules":{"exclude_from_discount":false,"fee_label":"Fee","disp_hide_options_price":false,"disp_show_section_price":false,"disp_show_field_price":true,"layout_option":"standard","pric_use_as_fee":false,"process_fee_as":"woo_fee"},"layout_option":"standard"},"fields":[[{"active":true,"col":6,"relations":false,"cl_rule":"show","enableCl":false,"price":"","enablePrice":false,"className":"","label_position":"default","desc_position":"default","type":"text","subtype":"text","required":true,"elementId":"text_9835437851","label":"Nome do Presenteado","name":"text_9835437851","value":"","error":false,"gt_translate_keys":["label","value"],"price_dependency":false,"cl_dependency":false}],[{"active":true,"col":6,"relations":false,"cl_rule":"show","enableCl":false,"price":"","enablePrice":false,"className":"","label_position":"default","desc_position":"default","type":"date","required":false,"elementId":"date_7651076265","name":"date_7651076265","label":"Data da entrega","picker_type":"custom","picker_mode":"single","error":false,"gt_translate_keys":["label"],"price_dependency":false,"cl_dependency":false,"value":""}],[{"active":true,"col":6,"relations":false,"cl_rule":"show","enableCl":false,"price":"","enablePrice":false,"className":"","label_position":"default","desc_position":"default","type":"radio-group","required":true,"elementId":"radio_7717642366","label":"Formas de Entrega","name":"radio_7717642366","values":[{"label":"Manh\u00e3 - 07:00 \u00e1s 10:30","value":"Option - 1","selected":false,"tempId":"aco_121","gt_translate_keys":["label"]},{"label":"Manh\u00e3 - 10:30 \u00e1s 14:00","value":"Option - 2","selected":false,"tempId":"aco_122","gt_translate_keys":["label"]},{"label":"Tarde - 14:00 \u00e1s 18:00","value":"Option - 3","selected":false,"tempId":"aco_123","gt_translate_keys":["label"]}],"layOut":"","error":false,"checkUi":"","gt_translate_keys":["label"],"price_dependency":false,"cl_dependency":false,"value":""}],[{"active":true,"col":6,"relations":false,"cl_rule":"show","enableCl":false,"price":"","enablePrice":false,"className":"","label_position":"default","desc_position":"default","type":"number","required":false,"elementId":"number_6535915292","label":"CEP","name":"number_6535915292","value":"","error":false,"gt_translate_keys":["label","value"],"price_dependency":false,"cl_dependency":false}],[{"active":true,"col":6,"relations":false,"cl_rule":"show","enableCl":false,"price":"","enablePrice":false,"className":"","label_position":"default","desc_position":"default","type":"textarea","required":false,"elementId":"textarea_8447112526","label":"Deixe uma mensagem","name":"textarea_8447112526","value":"","rows":2,"error":false,"gt_translate_keys":["label","value"],"price_dependency":false,"cl_dependency":false}]]}},"config":{"price_override":"","enable_recaptcha":false,"bind_quantity":false,"quantity_bind_formula":"","disp_summ_show_option_price":true,"disp_summ_show_product_price":true,"disp_summ_show_total_price":true,"disp_summ_show_fee":false,"disp_summ_show_discount":false,"summary_title":"","options_total_label":"Options Price","total_label":"Total","options_product_label":"Product Price","fee_label":"Fee","discount_label":"Discount","has_price":true},"mc_unit":1,"tax_rate":1,"tax_rate_real":1,"discount":{"percentage":0,"fixed":0},"design":{"conf":{"LabelPosition":"above","DescPosition":"above","UploadField":"custom_1","QuantityFieldStyle":"default"},"css":{"LeftLabelWidth":"120px"}},"formulas":[],"clones":false,"cartKey":false}},"_links":{"self":[{"href":"https:\/\/danielacestas.com.br\/index.php?rest_route=\/wp\/v2\/product\/27564","targetHints":{"allow":["GET"]}}],"collection":[{"href":"https:\/\/danielacestas.com.br\/index.php?rest_route=\/wp\/v2\/product"}],"about":[{"href":"https:\/\/danielacestas.com.br\/index.php?rest_route=\/wp\/v2\/types\/product"}],"replies":[{"embeddable":true,"href":"https:\/\/danielacestas.com.br\/index.php?rest_route=%2Fwp%2Fv2%2Fcomments&post=27564"}],"version-history":[{"count":1,"href":"https:\/\/danielacestas.com.br\/index.php?rest_route=\/wp\/v2\/product\/27564\/revisions"}],"predecessor-version":[{"id":27566,"href":"https:\/\/danielacestas.com.br\/index.php?rest_route=\/wp\/v2\/product\/27564\/revisions\/27566"}],"wp:featuredmedia":[{"embeddable":true,"href":"https:\/\/danielacestas.com.br\/index.php?rest_route=\/wp\/v2\/media\/27565"}],"wp:attachment":[{"href":"https:\/\/danielacestas.com.br\/index.php?rest_route=%2Fwp%2Fv2%2Fmedia&parent=27564"}],"wp:term":[{"taxonomy":"product_brand","embeddable":true,"href":"https:\/\/danielacestas.com.br\/index.php?rest_route=%2Fwp%2Fv2%2Fproduct_brand&post=27564"},{"taxonomy":"product_cat","embeddable":true,"href":"https:\/\/danielacestas.com.br\/index.php?rest_route=%2Fwp%2Fv2%2Fproduct_cat&post=27564"},{"taxonomy":"product_tag","embeddable":true,"href":"https:\/\/danielacestas.com.br\/index.php?rest_route=%2Fwp%2Fv2%2Fproduct_tag&post=27564"}],"curies":[{"name":"wp","href":"https:\/\/api.w.org\/{rel}","templated":true}]}}