{"id":27561,"date":"2025-06-10T19:38:07","date_gmt":"2025-06-10T22:38:07","guid":{"rendered":"https:\/\/danielacestas.com.br\/?post_type=product&#038;p=27561"},"modified":"2025-06-13T11:11:57","modified_gmt":"2025-06-13T14:11:57","slug":"cafe-te-amo","status":"publish","type":"product","link":"https:\/\/danielacestas.com.br\/?product=cafe-te-amo","title":{"rendered":"Caf\u00e9 Te Amo"},"content":{"rendered":"<h6>Cesta de Caf\u00e9 da Manh\u00e3 para eternizar Momentos!<\/h6>\n<h6>Almofada Cora\u00e7\u00e3o PP \u00a0\u201cTE AMO\u201d;<\/h6>\n<h6>Achocolatado;<\/h6>\n<h6>Suco;<\/h6>\n<h6><strong>P\u00e3es tipo<\/strong> Brioche;<\/h6>\n<h6>Croaissant;<\/h6>\n<h6>Bolinho Duo Bauducco;<\/h6>\n<h6>Bolinho Bauducco;<\/h6>\n<h6>Maxi Goiabinha;<\/h6>\n<h6>P\u00e3o de Mel;<\/h6>\n<h6>Torrada;<\/h6>\n<h6>Biscoito Cream Cracker;<\/h6>\n<h6>Gel\u00e9ias;<\/h6>\n<h6>Bombom.<\/h6>\n<h6><\/h6>\n<h6>Montada em linda caixa MDF, embalada com celofane transparente e la\u00e7o decorativo.<\/h6>\n<h6>Acompanha cart\u00e3o.<\/h6>\n","protected":false},"excerpt":{"rendered":"<p>Cesta de Caf\u00e9 da Manh\u00e3 para eternizar Momentos! Almofada Cora\u00e7\u00e3o PP \u00a0\u201cTE AMO\u201d; Achocolatado; Suco; P\u00e3es tipo Brioche; Croaissant; Bolinho<\/p>\n","protected":false},"featured_media":27567,"comment_status":"open","ping_status":"closed","template":"","meta":[],"product_brand":[],"product_cat":[114,112],"product_tag":[],"class_list":{"0":"post-27561","1":"product","2":"type-product","3":"status-publish","4":"has-post-thumbnail","6":"product_cat-cesta-dia-dos-namorados","7":"product_cat-cestas","8":"wcpa_has_options","10":"first","11":"instock","12":"shipping-taxable","13":"purchasable","14":"product-type-simple"},"wcpa_form_fields":{"wcpaData":{"product":{"product_price":170,"original_product_price":170,"price_including_tax":170,"price_excluding_tax":170,"product_id":{"parent":27561,"variation":false},"is_variable":false,"stock_status":"instock","stock_quantity":null,"parent_sku":"","product_attributes":[],"custom_fields":[],"is_taxable":false},"fields":{"sec_364bafe8e7a556":{"extra":{"key":"sec_364bafe8e7a556","section_id":"sec_364bafe8e7a556","name":"Default","status":1,"cl_rule":"show","enableCl":false,"relations":[],"toggle":true,"title_tag":"h3","show_title":false,"showPrice":"default","form_id":4243,"form_rules":{"exclude_from_discount":false,"fee_label":"Fee","disp_hide_options_price":false,"disp_show_section_price":false,"disp_show_field_price":true,"layout_option":"standard","pric_use_as_fee":false,"process_fee_as":"woo_fee"},"layout_option":"standard"},"fields":[[{"active":true,"col":6,"relations":false,"cl_rule":"show","enableCl":false,"price":"","enablePrice":false,"className":"","label_position":"default","desc_position":"default","type":"text","subtype":"text","required":true,"elementId":"text_9835437851","label":"Nome do Presenteado","name":"text_9835437851","value":"","error":false,"gt_translate_keys":["label","value"],"price_dependency":false,"cl_dependency":false}],[{"active":true,"col":6,"relations":false,"cl_rule":"show","enableCl":false,"price":"","enablePrice":false,"className":"","label_position":"default","desc_position":"default","type":"date","required":false,"elementId":"date_7651076265","name":"date_7651076265","label":"Data da entrega","picker_type":"custom","picker_mode":"single","error":false,"gt_translate_keys":["label"],"price_dependency":false,"cl_dependency":false,"value":""}],[{"active":true,"col":6,"relations":false,"cl_rule":"show","enableCl":false,"price":"","enablePrice":false,"className":"","label_position":"default","desc_position":"default","type":"radio-group","required":true,"elementId":"radio_7717642366","label":"Formas de Entrega","name":"radio_7717642366","values":[{"label":"Manh\u00e3 - 07:00 \u00e1s 10:30","value":"Option - 1","selected":false,"tempId":"aco_121","gt_translate_keys":["label"]},{"label":"Manh\u00e3 - 10:30 \u00e1s 14:00","value":"Option - 2","selected":false,"tempId":"aco_122","gt_translate_keys":["label"]},{"label":"Tarde - 14:00 \u00e1s 18:00","value":"Option - 3","selected":false,"tempId":"aco_123","gt_translate_keys":["label"]}],"layOut":"","error":false,"checkUi":"","gt_translate_keys":["label"],"price_dependency":false,"cl_dependency":false,"value":""}],[{"active":true,"col":6,"relations":false,"cl_rule":"show","enableCl":false,"price":"","enablePrice":false,"className":"","label_position":"default","desc_position":"default","type":"number","required":false,"elementId":"number_6535915292","label":"CEP","name":"number_6535915292","value":"","error":false,"gt_translate_keys":["label","value"],"price_dependency":false,"cl_dependency":false}],[{"active":true,"col":6,"relations":false,"cl_rule":"show","enableCl":false,"price":"","enablePrice":false,"className":"","label_position":"default","desc_position":"default","type":"textarea","required":false,"elementId":"textarea_8447112526","label":"Deixe uma mensagem","name":"textarea_8447112526","value":"","rows":2,"error":false,"gt_translate_keys":["label","value"],"price_dependency":false,"cl_dependency":false}]]}},"config":{"price_override":"","enable_recaptcha":false,"bind_quantity":false,"quantity_bind_formula":"","disp_summ_show_option_price":true,"disp_summ_show_product_price":true,"disp_summ_show_total_price":true,"disp_summ_show_fee":false,"disp_summ_show_discount":false,"summary_title":"","options_total_label":"Options Price","total_label":"Total","options_product_label":"Product Price","fee_label":"Fee","discount_label":"Discount","has_price":true},"mc_unit":1,"tax_rate":1,"tax_rate_real":1,"discount":{"percentage":0,"fixed":0},"design":{"conf":{"LabelPosition":"above","DescPosition":"above","UploadField":"custom_1","QuantityFieldStyle":"default"},"css":{"LeftLabelWidth":"120px"}},"formulas":[],"clones":false,"cartKey":false}},"_links":{"self":[{"href":"https:\/\/danielacestas.com.br\/index.php?rest_route=\/wp\/v2\/product\/27561","targetHints":{"allow":["GET"]}}],"collection":[{"href":"https:\/\/danielacestas.com.br\/index.php?rest_route=\/wp\/v2\/product"}],"about":[{"href":"https:\/\/danielacestas.com.br\/index.php?rest_route=\/wp\/v2\/types\/product"}],"replies":[{"embeddable":true,"href":"https:\/\/danielacestas.com.br\/index.php?rest_route=%2Fwp%2Fv2%2Fcomments&post=27561"}],"version-history":[{"count":2,"href":"https:\/\/danielacestas.com.br\/index.php?rest_route=\/wp\/v2\/product\/27561\/revisions"}],"predecessor-version":[{"id":27571,"href":"https:\/\/danielacestas.com.br\/index.php?rest_route=\/wp\/v2\/product\/27561\/revisions\/27571"}],"wp:featuredmedia":[{"embeddable":true,"href":"https:\/\/danielacestas.com.br\/index.php?rest_route=\/wp\/v2\/media\/27567"}],"wp:attachment":[{"href":"https:\/\/danielacestas.com.br\/index.php?rest_route=%2Fwp%2Fv2%2Fmedia&parent=27561"}],"wp:term":[{"taxonomy":"product_brand","embeddable":true,"href":"https:\/\/danielacestas.com.br\/index.php?rest_route=%2Fwp%2Fv2%2Fproduct_brand&post=27561"},{"taxonomy":"product_cat","embeddable":true,"href":"https:\/\/danielacestas.com.br\/index.php?rest_route=%2Fwp%2Fv2%2Fproduct_cat&post=27561"},{"taxonomy":"product_tag","embeddable":true,"href":"https:\/\/danielacestas.com.br\/index.php?rest_route=%2Fwp%2Fv2%2Fproduct_tag&post=27561"}],"curies":[{"name":"wp","href":"https:\/\/api.w.org\/{rel}","templated":true}]}}