{"id":27519,"date":"2024-08-05T11:53:03","date_gmt":"2024-08-05T14:53:03","guid":{"rendered":"https:\/\/danielacestas.com.br\/?post_type=product&#038;p=27519"},"modified":"2025-06-10T20:47:07","modified_gmt":"2025-06-10T23:47:07","slug":"cafe-da-manha-especial-papai","status":"publish","type":"product","link":"https:\/\/danielacestas.com.br\/?product=cafe-da-manha-especial-papai","title":{"rendered":"Caf\u00e9 da Manh\u00e3 Especial Papai"},"content":{"rendered":"<h6>Surpreenda seu papai com um delicioso e inesquec\u00edvel caf\u00e9 da manh\u00e3, composto por:<\/h6>\n<h6>Bandeja MDF;<\/h6>\n<h6>Kit Almofada e Caneca dia dos Pais;<\/h6>\n<h6>Bandeja com frios;<\/h6>\n<h6>2 P\u00e3es tipo Brioche;<\/h6>\n<h6>1 Suco;<\/h6>\n<h6>1 Achocolatado;<\/h6>\n<h6>1 Sach\u00ea de Ch\u00e1;<\/h6>\n<h6>1 P\u00e3o de Mel;<\/h6>\n<h6>2 Sach\u00eas de Biscoitos Cream Cracker;<\/h6>\n<h6>1 Bolinho Bauducco;<\/h6>\n<h6>1 Barra de chocolates 80gr;<\/h6>\n<h6>1 Sonho de Valsa;<\/h6>\n<h6>1 Polenguinho;<\/h6>\n<h6>2 Blister de Gel\u00e9ias;<\/h6>\n<h6>Cart\u00e3o Tema Pai.<\/h6>\n","protected":false},"excerpt":{"rendered":"<p>Surpreenda seu papai com um delicioso e inesquec\u00edvel caf\u00e9 da manh\u00e3, composto por: Bandeja MDF; Kit Almofada e Caneca dia<\/p>\n","protected":false},"featured_media":27520,"comment_status":"open","ping_status":"closed","template":"","meta":[],"product_brand":[],"product_cat":[117,120],"product_tag":[],"class_list":{"0":"post-27519","1":"product","2":"type-product","3":"status-publish","4":"has-post-thumbnail","6":"product_cat-cestas-de-cafe-da-manha","7":"product_cat-cestas-dia-dos-pais","8":"wcpa_has_options","10":"first","11":"instock","12":"shipping-taxable","13":"purchasable","14":"product-type-simple"},"wcpa_form_fields":{"wcpaData":{"product":{"product_price":170,"original_product_price":170,"price_including_tax":170,"price_excluding_tax":170,"product_id":{"parent":27519,"variation":false},"is_variable":false,"stock_status":"instock","stock_quantity":null,"parent_sku":"","product_attributes":[],"custom_fields":[],"is_taxable":false},"fields":{"sec_364bafe8e7a556":{"extra":{"key":"sec_364bafe8e7a556","section_id":"sec_364bafe8e7a556","name":"Default","status":1,"cl_rule":"show","enableCl":false,"relations":[],"toggle":true,"title_tag":"h3","show_title":false,"showPrice":"default","form_id":4243,"form_rules":{"exclude_from_discount":false,"fee_label":"Fee","disp_hide_options_price":false,"disp_show_section_price":false,"disp_show_field_price":true,"layout_option":"standard","pric_use_as_fee":false,"process_fee_as":"woo_fee"},"layout_option":"standard"},"fields":[[{"active":true,"col":6,"relations":false,"cl_rule":"show","enableCl":false,"price":"","enablePrice":false,"className":"","label_position":"default","desc_position":"default","type":"text","subtype":"text","required":true,"elementId":"text_9835437851","label":"Nome do Presenteado","name":"text_9835437851","value":"","error":false,"gt_translate_keys":["label","value"],"price_dependency":false,"cl_dependency":false}],[{"active":true,"col":6,"relations":false,"cl_rule":"show","enableCl":false,"price":"","enablePrice":false,"className":"","label_position":"default","desc_position":"default","type":"date","required":false,"elementId":"date_7651076265","name":"date_7651076265","label":"Data da entrega","picker_type":"custom","picker_mode":"single","error":false,"gt_translate_keys":["label"],"price_dependency":false,"cl_dependency":false,"value":""}],[{"active":true,"col":6,"relations":false,"cl_rule":"show","enableCl":false,"price":"","enablePrice":false,"className":"","label_position":"default","desc_position":"default","type":"radio-group","required":true,"elementId":"radio_7717642366","label":"Formas de Entrega","name":"radio_7717642366","values":[{"label":"Manh\u00e3 - 07:00 \u00e1s 10:30","value":"Option - 1","selected":false,"tempId":"aco_121","gt_translate_keys":["label"]},{"label":"Manh\u00e3 - 10:30 \u00e1s 14:00","value":"Option - 2","selected":false,"tempId":"aco_122","gt_translate_keys":["label"]},{"label":"Tarde - 14:00 \u00e1s 18:00","value":"Option - 3","selected":false,"tempId":"aco_123","gt_translate_keys":["label"]}],"layOut":"","error":false,"checkUi":"","gt_translate_keys":["label"],"price_dependency":false,"cl_dependency":false,"value":""}],[{"active":true,"col":6,"relations":false,"cl_rule":"show","enableCl":false,"price":"","enablePrice":false,"className":"","label_position":"default","desc_position":"default","type":"number","required":false,"elementId":"number_6535915292","label":"CEP","name":"number_6535915292","value":"","error":false,"gt_translate_keys":["label","value"],"price_dependency":false,"cl_dependency":false}],[{"active":true,"col":6,"relations":false,"cl_rule":"show","enableCl":false,"price":"","enablePrice":false,"className":"","label_position":"default","desc_position":"default","type":"textarea","required":false,"elementId":"textarea_8447112526","label":"Deixe uma mensagem","name":"textarea_8447112526","value":"","rows":2,"error":false,"gt_translate_keys":["label","value"],"price_dependency":false,"cl_dependency":false}]]}},"config":{"price_override":"","enable_recaptcha":false,"bind_quantity":false,"quantity_bind_formula":"","disp_summ_show_option_price":true,"disp_summ_show_product_price":true,"disp_summ_show_total_price":true,"disp_summ_show_fee":false,"disp_summ_show_discount":false,"summary_title":"","options_total_label":"Options Price","total_label":"Total","options_product_label":"Product Price","fee_label":"Fee","discount_label":"Discount","has_price":true},"mc_unit":1,"tax_rate":1,"tax_rate_real":1,"discount":{"percentage":0,"fixed":0},"design":{"conf":{"LabelPosition":"above","DescPosition":"above","UploadField":"custom_1","QuantityFieldStyle":"default"},"css":{"LeftLabelWidth":"120px"}},"formulas":[],"clones":false,"cartKey":false}},"_links":{"self":[{"href":"https:\/\/danielacestas.com.br\/index.php?rest_route=\/wp\/v2\/product\/27519","targetHints":{"allow":["GET"]}}],"collection":[{"href":"https:\/\/danielacestas.com.br\/index.php?rest_route=\/wp\/v2\/product"}],"about":[{"href":"https:\/\/danielacestas.com.br\/index.php?rest_route=\/wp\/v2\/types\/product"}],"replies":[{"embeddable":true,"href":"https:\/\/danielacestas.com.br\/index.php?rest_route=%2Fwp%2Fv2%2Fcomments&post=27519"}],"version-history":[{"count":1,"href":"https:\/\/danielacestas.com.br\/index.php?rest_route=\/wp\/v2\/product\/27519\/revisions"}],"predecessor-version":[{"id":27521,"href":"https:\/\/danielacestas.com.br\/index.php?rest_route=\/wp\/v2\/product\/27519\/revisions\/27521"}],"wp:featuredmedia":[{"embeddable":true,"href":"https:\/\/danielacestas.com.br\/index.php?rest_route=\/wp\/v2\/media\/27520"}],"wp:attachment":[{"href":"https:\/\/danielacestas.com.br\/index.php?rest_route=%2Fwp%2Fv2%2Fmedia&parent=27519"}],"wp:term":[{"taxonomy":"product_brand","embeddable":true,"href":"https:\/\/danielacestas.com.br\/index.php?rest_route=%2Fwp%2Fv2%2Fproduct_brand&post=27519"},{"taxonomy":"product_cat","embeddable":true,"href":"https:\/\/danielacestas.com.br\/index.php?rest_route=%2Fwp%2Fv2%2Fproduct_cat&post=27519"},{"taxonomy":"product_tag","embeddable":true,"href":"https:\/\/danielacestas.com.br\/index.php?rest_route=%2Fwp%2Fv2%2Fproduct_tag&post=27519"}],"curies":[{"name":"wp","href":"https:\/\/api.w.org\/{rel}","templated":true}]}}