{"id":2282,"date":"2023-05-12T11:52:03","date_gmt":"2023-05-12T14:52:03","guid":{"rendered":"https:\/\/danielacestas.com.br\/?post_type=product&#038;p=2282"},"modified":"2025-06-10T20:51:14","modified_gmt":"2025-06-10T23:51:14","slug":"bandeja-mamae-eu-te-amo","status":"publish","type":"product","link":"https:\/\/danielacestas.com.br\/?product=bandeja-mamae-eu-te-amo","title":{"rendered":"Bandeja Parab\u00e9ns Mam\u00e3e"},"content":{"rendered":"<p>Bandeja M\u00e3e<\/p>\n<p>1 Cora\u00e7\u00e3o de Pel\u00facia M\u00e3e<\/p>\n<p>1 Caneca M\u00e3e<\/p>\n<p>1 Bandeja de Frios<\/p>\n<p>2 P\u00e3es tipo Brioche<\/p>\n<p>1 Suco<\/p>\n<p>1 Torrada<\/p>\n<p>1 Bolinho Bauducco<\/p>\n<p>1 Bolinho Duo Bauducco<\/p>\n<p>1 Maxi Goiabinha<\/p>\n<p>2 Saches de Cream Cracker<\/p>\n<p>2 Blister de Gel\u00e9ias<\/p>\n<p>2 Bombons.<\/p>\n<p>&nbsp;<\/p>\n<p>Embalado com Celofane Transparente La\u00e7o Decorativo.<\/p>\n<p>&nbsp;<\/p>\n<p>&#8211; Caso algum item n\u00e3o tenha no nosso fornecedor, ser\u00e1 substitu\u00eddo por algum equivalente ou de valor similar.<\/p>\n","protected":false},"excerpt":{"rendered":"<p>Bandeja M\u00e3e 1 Cora\u00e7\u00e3o de Pel\u00facia M\u00e3e 1 Caneca M\u00e3e 1 Bandeja de Frios 2 P\u00e3es tipo Brioche 1 Suco<\/p>\n","protected":false},"featured_media":27568,"comment_status":"open","ping_status":"closed","template":"","meta":[],"product_brand":[],"product_cat":[112,117,118,128,129,119,130],"product_tag":[],"class_list":{"0":"post-2282","1":"product","2":"type-product","3":"status-publish","4":"has-post-thumbnail","6":"product_cat-cestas","7":"product_cat-cestas-de-cafe-da-manha","8":"product_cat-cestas-de-chocolate-e-romantica","9":"product_cat-cestas-de-frutas","10":"product_cat-cestas-de-vinhos-e-acompanhamentos","11":"product_cat-cestas-dia-das-maes","12":"product_cat-cestas-gourmet","13":"wcpa_has_options","15":"first","16":"instock","17":"shipping-taxable","18":"purchasable","19":"product-type-simple"},"wcpa_form_fields":{"wcpaData":{"product":{"product_price":180,"original_product_price":180,"price_including_tax":180,"price_excluding_tax":180,"product_id":{"parent":2282,"variation":false},"is_variable":false,"stock_status":"instock","stock_quantity":null,"parent_sku":"","product_attributes":[],"custom_fields":[],"is_taxable":false},"fields":{"sec_364bafe8e7a556":{"extra":{"key":"sec_364bafe8e7a556","section_id":"sec_364bafe8e7a556","name":"Default","status":1,"cl_rule":"show","enableCl":false,"relations":[],"toggle":true,"title_tag":"h3","show_title":false,"showPrice":"default","form_id":4243,"form_rules":{"exclude_from_discount":false,"fee_label":"Fee","disp_hide_options_price":false,"disp_show_section_price":false,"disp_show_field_price":true,"layout_option":"standard","pric_use_as_fee":false,"process_fee_as":"woo_fee"},"layout_option":"standard"},"fields":[[{"active":true,"col":6,"relations":false,"cl_rule":"show","enableCl":false,"price":"","enablePrice":false,"className":"","label_position":"default","desc_position":"default","type":"text","subtype":"text","required":true,"elementId":"text_9835437851","label":"Nome do Presenteado","name":"text_9835437851","value":"","error":false,"gt_translate_keys":["label","value"],"price_dependency":false,"cl_dependency":false}],[{"active":true,"col":6,"relations":false,"cl_rule":"show","enableCl":false,"price":"","enablePrice":false,"className":"","label_position":"default","desc_position":"default","type":"date","required":false,"elementId":"date_7651076265","name":"date_7651076265","label":"Data da entrega","picker_type":"custom","picker_mode":"single","error":false,"gt_translate_keys":["label"],"price_dependency":false,"cl_dependency":false,"value":""}],[{"active":true,"col":6,"relations":false,"cl_rule":"show","enableCl":false,"price":"","enablePrice":false,"className":"","label_position":"default","desc_position":"default","type":"radio-group","required":true,"elementId":"radio_7717642366","label":"Formas de Entrega","name":"radio_7717642366","values":[{"label":"Manh\u00e3 - 07:00 \u00e1s 10:30","value":"Option - 1","selected":false,"tempId":"aco_121","gt_translate_keys":["label"]},{"label":"Manh\u00e3 - 10:30 \u00e1s 14:00","value":"Option - 2","selected":false,"tempId":"aco_122","gt_translate_keys":["label"]},{"label":"Tarde - 14:00 \u00e1s 18:00","value":"Option - 3","selected":false,"tempId":"aco_123","gt_translate_keys":["label"]}],"layOut":"","error":false,"checkUi":"","gt_translate_keys":["label"],"price_dependency":false,"cl_dependency":false,"value":""}],[{"active":true,"col":6,"relations":false,"cl_rule":"show","enableCl":false,"price":"","enablePrice":false,"className":"","label_position":"default","desc_position":"default","type":"number","required":false,"elementId":"number_6535915292","label":"CEP","name":"number_6535915292","value":"","error":false,"gt_translate_keys":["label","value"],"price_dependency":false,"cl_dependency":false}],[{"active":true,"col":6,"relations":false,"cl_rule":"show","enableCl":false,"price":"","enablePrice":false,"className":"","label_position":"default","desc_position":"default","type":"textarea","required":false,"elementId":"textarea_8447112526","label":"Deixe uma mensagem","name":"textarea_8447112526","value":"","rows":2,"error":false,"gt_translate_keys":["label","value"],"price_dependency":false,"cl_dependency":false}]]}},"config":{"price_override":"","enable_recaptcha":false,"bind_quantity":false,"quantity_bind_formula":"","disp_summ_show_option_price":true,"disp_summ_show_product_price":true,"disp_summ_show_total_price":true,"disp_summ_show_fee":false,"disp_summ_show_discount":false,"summary_title":"","options_total_label":"Options Price","total_label":"Total","options_product_label":"Product Price","fee_label":"Fee","discount_label":"Discount","has_price":true},"mc_unit":1,"tax_rate":1,"tax_rate_real":1,"discount":{"percentage":0,"fixed":0},"design":{"conf":{"LabelPosition":"above","DescPosition":"above","UploadField":"custom_1","QuantityFieldStyle":"default"},"css":{"LeftLabelWidth":"120px"}},"formulas":[],"clones":false,"cartKey":false}},"_links":{"self":[{"href":"https:\/\/danielacestas.com.br\/index.php?rest_route=\/wp\/v2\/product\/2282","targetHints":{"allow":["GET"]}}],"collection":[{"href":"https:\/\/danielacestas.com.br\/index.php?rest_route=\/wp\/v2\/product"}],"about":[{"href":"https:\/\/danielacestas.com.br\/index.php?rest_route=\/wp\/v2\/types\/product"}],"replies":[{"embeddable":true,"href":"https:\/\/danielacestas.com.br\/index.php?rest_route=%2Fwp%2Fv2%2Fcomments&post=2282"}],"version-history":[{"count":1,"href":"https:\/\/danielacestas.com.br\/index.php?rest_route=\/wp\/v2\/product\/2282\/revisions"}],"predecessor-version":[{"id":4105,"href":"https:\/\/danielacestas.com.br\/index.php?rest_route=\/wp\/v2\/product\/2282\/revisions\/4105"}],"wp:featuredmedia":[{"embeddable":true,"href":"https:\/\/danielacestas.com.br\/index.php?rest_route=\/wp\/v2\/media\/27568"}],"wp:attachment":[{"href":"https:\/\/danielacestas.com.br\/index.php?rest_route=%2Fwp%2Fv2%2Fmedia&parent=2282"}],"wp:term":[{"taxonomy":"product_brand","embeddable":true,"href":"https:\/\/danielacestas.com.br\/index.php?rest_route=%2Fwp%2Fv2%2Fproduct_brand&post=2282"},{"taxonomy":"product_cat","embeddable":true,"href":"https:\/\/danielacestas.com.br\/index.php?rest_route=%2Fwp%2Fv2%2Fproduct_cat&post=2282"},{"taxonomy":"product_tag","embeddable":true,"href":"https:\/\/danielacestas.com.br\/index.php?rest_route=%2Fwp%2Fv2%2Fproduct_tag&post=2282"}],"curies":[{"name":"wp","href":"https:\/\/api.w.org\/{rel}","templated":true}]}}