{"id":1849,"date":"2023-03-17T14:40:47","date_gmt":"2023-03-17T17:40:47","guid":{"rendered":"https:\/\/danielacestas.com.br\/?post_type=product&#038;p=1849"},"modified":"2024-11-27T15:19:24","modified_gmt":"2024-11-27T18:19:24","slug":"001-bandeja-com-flores-frios-paes-e-chocolates","status":"publish","type":"product","link":"https:\/\/danielacestas.com.br\/?product=001-bandeja-com-flores-frios-paes-e-chocolates","title":{"rendered":"001 &#8211; Bandeja Com Flores, Frios, P\u00e3es e Chocolates"},"content":{"rendered":"<h6>Lindissima Bandeja em MDF (cor do laco e decora\u00e7\u00e3o pode sofrer altera\u00e7\u00e3o)<\/h6>\n<h6>1 Vaso de Flor;<\/h6>\n<h6>1 Amandita;<\/h6>\n<h6>1 Bandeja de Frios;<\/h6>\n<h6>1 Alpino;<\/h6>\n<h6>1 Suco;<\/h6>\n<h6>1 Agua de Coco;<\/h6>\n<h6>1 P\u00e3o de Mel Bauducco;<\/h6>\n<h6>2 Cream Cracker ou 1 Club Social (conforme estoque);<\/h6>\n<h6>2 P\u00e3es;<\/h6>\n<h6>1 Bolinho Duo Bauducco;<\/h6>\n<h6>1 Bolinho Bauducco;<\/h6>\n<h6>1 Iogurte Grego;<\/h6>\n<h6>2 Pacotes de Torradas<\/h6>\n<h6>Celofane La\u00e7o Decorativo<\/h6>\n","protected":false},"excerpt":{"rendered":"<p>Lindissima Bandeja em MDF (cor do laco e decora\u00e7\u00e3o pode sofrer altera\u00e7\u00e3o) 1 Vaso de Flor; 1 Amandita; 1 Bandeja<\/p>\n","protected":false},"featured_media":4208,"comment_status":"open","ping_status":"closed","template":"","meta":[],"product_brand":[],"product_cat":[114,112,115,116,117,118,120,113],"product_tag":[],"class_list":{"0":"post-1849","1":"product","2":"type-product","3":"status-publish","4":"has-post-thumbnail","6":"product_cat-cesta-dia-dos-namorados","7":"product_cat-cestas","8":"product_cat-cestas-de-aniversario","9":"product_cat-cestas-de-bebidas-e-petiscos","10":"product_cat-cestas-de-cafe-da-manha","11":"product_cat-cestas-de-chocolate-e-romantica","12":"product_cat-cestas-dia-dos-pais","13":"product_cat-dias-especiais","14":"wcpa_has_options","16":"first","17":"instock","18":"shipping-taxable","19":"purchasable","20":"product-type-simple"},"wcpa_form_fields":{"wcpaData":{"product":{"product_price":190,"original_product_price":190,"price_including_tax":190,"price_excluding_tax":190,"product_id":{"parent":1849,"variation":false},"is_variable":false,"stock_status":"instock","stock_quantity":null,"parent_sku":"","product_attributes":[],"custom_fields":[],"is_taxable":false},"fields":{"sec_364bafe8e7a556":{"extra":{"key":"sec_364bafe8e7a556","section_id":"sec_364bafe8e7a556","name":"Default","status":1,"cl_rule":"show","enableCl":false,"relations":[],"toggle":true,"title_tag":"h3","show_title":false,"showPrice":"default","form_id":4243,"form_rules":{"exclude_from_discount":false,"fee_label":"Fee","disp_hide_options_price":false,"disp_show_section_price":false,"disp_show_field_price":true,"layout_option":"standard","pric_use_as_fee":false,"process_fee_as":"woo_fee"},"layout_option":"standard"},"fields":[[{"active":true,"col":6,"relations":false,"cl_rule":"show","enableCl":false,"price":"","enablePrice":false,"className":"","label_position":"default","desc_position":"default","type":"text","subtype":"text","required":true,"elementId":"text_9835437851","label":"Nome do Presenteado","name":"text_9835437851","value":"","error":false,"gt_translate_keys":["label","value"],"price_dependency":false,"cl_dependency":false}],[{"active":true,"col":6,"relations":false,"cl_rule":"show","enableCl":false,"price":"","enablePrice":false,"className":"","label_position":"default","desc_position":"default","type":"date","required":false,"elementId":"date_7651076265","name":"date_7651076265","label":"Data da entrega","picker_type":"custom","picker_mode":"single","error":false,"gt_translate_keys":["label"],"price_dependency":false,"cl_dependency":false,"value":""}],[{"active":true,"col":6,"relations":false,"cl_rule":"show","enableCl":false,"price":"","enablePrice":false,"className":"","label_position":"default","desc_position":"default","type":"radio-group","required":true,"elementId":"radio_7717642366","label":"Formas de Entrega","name":"radio_7717642366","values":[{"label":"Manh\u00e3 - 07:00 \u00e1s 10:30","value":"Option - 1","selected":false,"tempId":"aco_121","gt_translate_keys":["label"]},{"label":"Manh\u00e3 - 10:30 \u00e1s 14:00","value":"Option - 2","selected":false,"tempId":"aco_122","gt_translate_keys":["label"]},{"label":"Tarde - 14:00 \u00e1s 18:00","value":"Option - 3","selected":false,"tempId":"aco_123","gt_translate_keys":["label"]}],"layOut":"","error":false,"checkUi":"","gt_translate_keys":["label"],"price_dependency":false,"cl_dependency":false,"value":""}],[{"active":true,"col":6,"relations":false,"cl_rule":"show","enableCl":false,"price":"","enablePrice":false,"className":"","label_position":"default","desc_position":"default","type":"number","required":false,"elementId":"number_6535915292","label":"CEP","name":"number_6535915292","value":"","error":false,"gt_translate_keys":["label","value"],"price_dependency":false,"cl_dependency":false}],[{"active":true,"col":6,"relations":false,"cl_rule":"show","enableCl":false,"price":"","enablePrice":false,"className":"","label_position":"default","desc_position":"default","type":"textarea","required":false,"elementId":"textarea_8447112526","label":"Deixe uma mensagem","name":"textarea_8447112526","value":"","rows":2,"error":false,"gt_translate_keys":["label","value"],"price_dependency":false,"cl_dependency":false}]]}},"config":{"price_override":"","enable_recaptcha":false,"bind_quantity":false,"quantity_bind_formula":"","disp_summ_show_option_price":true,"disp_summ_show_product_price":true,"disp_summ_show_total_price":true,"disp_summ_show_fee":false,"disp_summ_show_discount":false,"summary_title":"","options_total_label":"Options Price","total_label":"Total","options_product_label":"Product Price","fee_label":"Fee","discount_label":"Discount","has_price":true},"mc_unit":1,"tax_rate":1,"tax_rate_real":1,"discount":{"percentage":0,"fixed":0},"design":{"conf":{"LabelPosition":"above","DescPosition":"above","UploadField":"custom_1","QuantityFieldStyle":"default"},"css":{"LeftLabelWidth":"120px"}},"formulas":[],"clones":false,"cartKey":false}},"_links":{"self":[{"href":"https:\/\/danielacestas.com.br\/index.php?rest_route=\/wp\/v2\/product\/1849","targetHints":{"allow":["GET"]}}],"collection":[{"href":"https:\/\/danielacestas.com.br\/index.php?rest_route=\/wp\/v2\/product"}],"about":[{"href":"https:\/\/danielacestas.com.br\/index.php?rest_route=\/wp\/v2\/types\/product"}],"replies":[{"embeddable":true,"href":"https:\/\/danielacestas.com.br\/index.php?rest_route=%2Fwp%2Fv2%2Fcomments&post=1849"}],"version-history":[{"count":2,"href":"https:\/\/danielacestas.com.br\/index.php?rest_route=\/wp\/v2\/product\/1849\/revisions"}],"predecessor-version":[{"id":27570,"href":"https:\/\/danielacestas.com.br\/index.php?rest_route=\/wp\/v2\/product\/1849\/revisions\/27570"}],"wp:featuredmedia":[{"embeddable":true,"href":"https:\/\/danielacestas.com.br\/index.php?rest_route=\/wp\/v2\/media\/4208"}],"wp:attachment":[{"href":"https:\/\/danielacestas.com.br\/index.php?rest_route=%2Fwp%2Fv2%2Fmedia&parent=1849"}],"wp:term":[{"taxonomy":"product_brand","embeddable":true,"href":"https:\/\/danielacestas.com.br\/index.php?rest_route=%2Fwp%2Fv2%2Fproduct_brand&post=1849"},{"taxonomy":"product_cat","embeddable":true,"href":"https:\/\/danielacestas.com.br\/index.php?rest_route=%2Fwp%2Fv2%2Fproduct_cat&post=1849"},{"taxonomy":"product_tag","embeddable":true,"href":"https:\/\/danielacestas.com.br\/index.php?rest_route=%2Fwp%2Fv2%2Fproduct_tag&post=1849"}],"curies":[{"name":"wp","href":"https:\/\/api.w.org\/{rel}","templated":true}]}}